{"id":21,"date":"2025-06-05T12:05:10","date_gmt":"2025-06-05T12:05:10","guid":{"rendered":"http:\/\/vozamora.com\/?page_id=21"},"modified":"2025-10-20T20:31:41","modified_gmt":"2025-10-20T20:31:41","slug":"un-nuevo-punto-de-venta-del-grupo-vo","status":"publish","type":"page","link":"https:\/\/vozamora.com\/","title":{"rendered":"Veh\u00edculos de Ocasi\u00f3n en Benavente"},"content":{"rendered":"\n<div class=\"wp-block-group alignwide\"><div class=\"wp-block-group__inner-container is-layout-flow wp-block-group-is-layout-flow\">\n<h3 class=\"wp-block-heading has-text-align-center\">Estamos en el Aparcamiento de La Posada, en C\/Ca\u00f1ada Real Berciana de Benavente (Junto Centro Transportes)<\/h3>\n<\/div><\/div>\n\n\n\n<input type='hidden' id='cfg_contract' value='34052' \/><input type='hidden' id='cfg_box_title' value='Stock' \/>\n  <input type='hidden' id='cfg_box_type' value='0' \/>\n  <input type='hidden' id='cfg_box' value='true' \/>\n  <input type='hidden' id='cfg_maxRows' value='25' \/>\n  <input type='hidden' id='cfg_channel' value='default' \/>\n  <script type='text\/javascript' src='\/\/publicaciones.carfactory.es\/scripts\/channels.js'><\/script>\n  <div style='width:850px'>\n  <iframe id='iframe_carfactory' width='5000' height='1000' frameborder='0'><\/iframe>\n  <script type='text\/javascript' language='javascript'>LoadCarfactory();<\/script><\/div>\n\n\n\n<div class=\"wp-block-columns alignwide are-vertically-aligned-top is-layout-flex wp-container-core-columns-is-layout-9d6595d7 wp-block-columns-is-layout-flex\">\n<div class=\"wp-block-column is-vertically-aligned-top is-layout-flow wp-block-column-is-layout-flow\">\n<div class=\"wp-block-group\"><div class=\"wp-block-group__inner-container is-layout-flow wp-block-group-is-layout-flow\">\n<figure class=\"wp-block-image alignfull size-full\"><a href=\"http:\/\/www.coches.net\/concesionario\/vozamora\"><img fetchpriority=\"high\" decoding=\"async\" width=\"2560\" height=\"1441\" src=\"http:\/\/vozamora.com\/wp-content\/uploads\/2025\/06\/vozamoraportada-1-scaled.jpg\" alt=\"\" class=\"wp-image-81\" srcset=\"https:\/\/vozamora.com\/wp-content\/uploads\/2025\/06\/vozamoraportada-1-scaled.jpg 2560w, https:\/\/vozamora.com\/wp-content\/uploads\/2025\/06\/vozamoraportada-1-scaled-600x338.jpg 600w, https:\/\/vozamora.com\/wp-content\/uploads\/2025\/06\/vozamoraportada-1-300x169.jpg 300w, https:\/\/vozamora.com\/wp-content\/uploads\/2025\/06\/vozamoraportada-1-1024x577.jpg 1024w, https:\/\/vozamora.com\/wp-content\/uploads\/2025\/06\/vozamoraportada-1-768x432.jpg 768w, https:\/\/vozamora.com\/wp-content\/uploads\/2025\/06\/vozamoraportada-1-1536x865.jpg 1536w, https:\/\/vozamora.com\/wp-content\/uploads\/2025\/06\/vozamoraportada-1-2048x1153.jpg 2048w, https:\/\/vozamora.com\/wp-content\/uploads\/2025\/06\/vozamoraportada-1-1200x676.jpg 1200w, https:\/\/vozamora.com\/wp-content\/uploads\/2025\/06\/vozamoraportada-1-1980x1115.jpg 1980w\" sizes=\"(max-width: 2560px) 100vw, 2560px\" \/><\/a><\/figure>\n\n\n\n<h3 class=\"wp-block-heading\">Empresa con 5 Estrellas<\/h3>\n\n\n\n<p>Consulta las rese\u00f1as de nuestro buen hacer en Google y Wallapop en la empresa que lleva trabajando de forma continuada desde 2018 en Asturias.<\/p>\n\n\n\n<p>Intentamos hacer las cosas lo mejor posible.<\/p>\n\n\n\n<div class=\"wp-block-button is-style-outline is-style-outline--1\"><a class=\"wp-block-button__link wp-element-button\" href=\"https:\/\/make.wordpress.org\/core\/2019\/09\/27\/block-editor-theme-related-updates-in-wordpress-5-3\/\">Leer m\u00e1s<\/a><\/div>\n<\/div><\/div>\n<\/div>\n\n\n\n<div class=\"wp-block-column is-vertically-aligned-top is-layout-flow wp-block-column-is-layout-flow\">\n<div class=\"wp-block-group\"><div class=\"wp-block-group__inner-container is-layout-flow wp-block-group-is-layout-flow\">\n<h3 class=\"wp-block-heading\">Puedes ver nuestro stock actualizado <a href=\"http:\/\/www.coches.net\/concesionario\/vozamora\">aqu\u00ed<\/a>.<\/h3>\n\n\n\n<p>Estamos en el Parking de La Posada, en C\/Ca\u00f1ada Real Berciana<\/p>\n<\/div><\/div>\n\n\n\n<div class=\"wp-block-group\"><div class=\"wp-block-group__inner-container is-layout-flow wp-block-group-is-layout-flow\">\n<h3 class=\"wp-block-heading\">\u00bfQuienes somos?<\/h3>\n\n\n\n<p>VO Zamora es un emprendimiento de venta de veh\u00edculos de Ocasi\u00f3n en Benavente de Ra\u00fal Casasola. Desde 2014 nos dedicamos profesionalmente a la venta de veh\u00edculos usados con garant\u00eda . <\/p>\n\n\n\n<p>Nuestros veh\u00edculos cuentan con Garant\u00eda en todo el territorio nacional, en caso de aver\u00eda t\u00fa eliges el taller.<\/p>\n\n\n\n<div class=\"wp-block-button is-style-outline is-style-outline--2\"><a class=\"wp-block-button__link wp-element-button\" href=\"https:\/\/make.wordpress.org\/core\/2019\/09\/27\/block-editor-theme-related-updates-in-wordpress-5-3\/\">Ll\u00e1manos para m\u00e1s informaci\u00f3n<\/a><\/div>\n<\/div><\/div>\n<\/div>\n<\/div>\n\n\n\n<div class=\"wp-block-group alignwide\"><div class=\"wp-block-group__inner-container is-layout-flow wp-block-group-is-layout-flow\">\n<h2 class=\"wp-block-heading has-text-align-center has-accent-color has-text-color\">Coches con Garant\u00eda en Benavente<\/h2>\n\n\n\n<p class=\"has-drop-cap\">Queremos extender nuestra forma de trabajar a Zamora, ya estamos en Galicia y Asturias. Abrimos nuestra nueva delegaci\u00f3n en Benavente.<\/p>\n<\/div><\/div>\n\n\n\n<div class=\"wp-block-group alignwide has-background\" style=\"background-color:#ffffff\"><div class=\"wp-block-group__inner-container is-layout-flow wp-block-group-is-layout-flow\">\n<div class=\"wp-block-group\"><div class=\"wp-block-group__inner-container is-layout-flow wp-block-group-is-layout-flow\">\n<h2 class=\"wp-block-heading has-text-align-center\">Mira nuestras publicaciones en Asturias<\/h2>\n\n\n\n<p class=\"has-text-align-center\">Puedes ver el stock de veh\u00edculos en Asturias. Si te gusta alguno y lo quieres te lo llevamos sin coste a la delegaci\u00f3n de Benavente. Consulta el stock de Asturias en www.voasturias.com <\/p>\n\n\n\n<div class=\"wp-block-button aligncenter\"><a class=\"wp-block-button__link wp-element-button\" href=\"https:\/\/www.voasturias.com\">Coches de asturias<\/a><\/div>\n<\/div><\/div>\n<\/div><\/div>\n\n\n\n<figure class=\"wp-block-gallery alignwide has-nested-images columns-default is-cropped wp-block-gallery-3 is-layout-flex wp-block-gallery-is-layout-flex\">\n<figure class=\"wp-block-image size-large\"><img decoding=\"async\" width=\"1024\" height=\"295\" data-id=\"53\" src=\"http:\/\/vozamora.com\/wp-content\/uploads\/2025\/06\/CABIZDDEF-1024x295.jpg\" alt=\"\" class=\"wp-image-53\" srcset=\"https:\/\/vozamora.com\/wp-content\/uploads\/2025\/06\/CABIZDDEF-1024x295.jpg 1024w, https:\/\/vozamora.com\/wp-content\/uploads\/2025\/06\/CABIZDDEF-600x173.jpg 600w, https:\/\/vozamora.com\/wp-content\/uploads\/2025\/06\/CABIZDDEF-300x87.jpg 300w, https:\/\/vozamora.com\/wp-content\/uploads\/2025\/06\/CABIZDDEF-768x222.jpg 768w, https:\/\/vozamora.com\/wp-content\/uploads\/2025\/06\/CABIZDDEF-1536x443.jpg 1536w, https:\/\/vozamora.com\/wp-content\/uploads\/2025\/06\/CABIZDDEF-1200x346.jpg 1200w, https:\/\/vozamora.com\/wp-content\/uploads\/2025\/06\/CABIZDDEF.jpg 1629w\" sizes=\"(max-width: 1024px) 100vw, 1024px\" \/><\/figure>\n\n\n\n<figure class=\"wp-block-image size-large\"><img decoding=\"async\" width=\"1024\" height=\"577\" data-id=\"84\" src=\"http:\/\/vozamora.com\/wp-content\/uploads\/2025\/06\/20250607_134120-1024x577.jpg\" alt=\"\" class=\"wp-image-84\" srcset=\"https:\/\/vozamora.com\/wp-content\/uploads\/2025\/06\/20250607_134120-1024x577.jpg 1024w, https:\/\/vozamora.com\/wp-content\/uploads\/2025\/06\/20250607_134120-scaled-600x338.jpg 600w, https:\/\/vozamora.com\/wp-content\/uploads\/2025\/06\/20250607_134120-300x169.jpg 300w, https:\/\/vozamora.com\/wp-content\/uploads\/2025\/06\/20250607_134120-768x432.jpg 768w, https:\/\/vozamora.com\/wp-content\/uploads\/2025\/06\/20250607_134120-1536x865.jpg 1536w, https:\/\/vozamora.com\/wp-content\/uploads\/2025\/06\/20250607_134120-2048x1153.jpg 2048w, https:\/\/vozamora.com\/wp-content\/uploads\/2025\/06\/20250607_134120-1200x676.jpg 1200w, https:\/\/vozamora.com\/wp-content\/uploads\/2025\/06\/20250607_134120-1980x1115.jpg 1980w\" sizes=\"(max-width: 1024px) 100vw, 1024px\" \/><\/figure>\n<\/figure>\n\n\n\n<figure class=\"wp-block-video\"><video controls src=\"http:\/\/vozamora.com\/wp-content\/uploads\/2025\/06\/2025-06-08-145342049-1.mp4\"><\/video><\/figure>\n","protected":false},"excerpt":{"rendered":"<p>Estamos en el Aparcamiento de La Posada, en C\/Ca\u00f1ada Real Berciana de Benavente (Junto Centro Transportes) Empresa con 5 Estrellas Consulta las rese\u00f1as de nuestro buen hacer en Google y Wallapop en la empresa que lleva trabajando de forma continuada desde 2018 en Asturias. Intentamos hacer las cosas lo mejor posible. Puedes ver nuestro stock&hellip;<\/p>\n<p class=\"more-link\"><a href=\"https:\/\/vozamora.com\/\" class=\"themebutton2\">Leer m\u00e1s<\/a><\/p>\n","protected":false},"author":1,"featured_media":52,"parent":0,"menu_order":0,"comment_status":"closed","ping_status":"closed","template":"","meta":{"footnotes":""},"class_list":["post-21","page","type-page","status-publish","has-post-thumbnail","hentry"],"_links":{"self":[{"href":"https:\/\/vozamora.com\/index.php\/wp-json\/wp\/v2\/pages\/21","targetHints":{"allow":["GET"]}}],"collection":[{"href":"https:\/\/vozamora.com\/index.php\/wp-json\/wp\/v2\/pages"}],"about":[{"href":"https:\/\/vozamora.com\/index.php\/wp-json\/wp\/v2\/types\/page"}],"author":[{"embeddable":true,"href":"https:\/\/vozamora.com\/index.php\/wp-json\/wp\/v2\/users\/1"}],"replies":[{"embeddable":true,"href":"https:\/\/vozamora.com\/index.php\/wp-json\/wp\/v2\/comments?post=21"}],"version-history":[{"count":15,"href":"https:\/\/vozamora.com\/index.php\/wp-json\/wp\/v2\/pages\/21\/revisions"}],"predecessor-version":[{"id":167,"href":"https:\/\/vozamora.com\/index.php\/wp-json\/wp\/v2\/pages\/21\/revisions\/167"}],"wp:featuredmedia":[{"embeddable":true,"href":"https:\/\/vozamora.com\/index.php\/wp-json\/wp\/v2\/media\/52"}],"wp:attachment":[{"href":"https:\/\/vozamora.com\/index.php\/wp-json\/wp\/v2\/media?parent=21"}],"curies":[{"name":"wp","href":"https:\/\/api.w.org\/{rel}","templated":true}]}}